{"id":61,"date":"2017-10-05T15:48:41","date_gmt":"2017-10-05T15:48:41","guid":{"rendered":"https:\/\/www.villaapr.fi\/?page_id=61"},"modified":"2025-10-30T11:54:16","modified_gmt":"2025-10-30T11:54:16","slug":"hinnasto","status":"publish","type":"page","link":"https:\/\/www.villaapr.fi\/en\/hinnasto\/","title":{"rendered":"Price list"},"content":{"rendered":"<p><img loading=\"lazy\" decoding=\"async\" class=\"alignnone size-full wp-image-121\" src=\"https:\/\/www.villaapr.fi\/wp-content\/uploads\/2017\/10\/VillaAPR-39.jpg\" alt=\"Vuokrahuvila Villa APR\" width=\"3000\" height=\"1999\" srcset=\"https:\/\/www.villaapr.fi\/wp-content\/uploads\/2017\/10\/VillaAPR-39.jpg 3000w, https:\/\/www.villaapr.fi\/wp-content\/uploads\/2017\/10\/VillaAPR-39-300x200.jpg 300w, https:\/\/www.villaapr.fi\/wp-content\/uploads\/2017\/10\/VillaAPR-39-768x512.jpg 768w, https:\/\/www.villaapr.fi\/wp-content\/uploads\/2017\/10\/VillaAPR-39-1024x682.jpg 1024w, https:\/\/www.villaapr.fi\/wp-content\/uploads\/2017\/10\/VillaAPR-39-1080x720.jpg 1080w\" sizes=\"(max-width: 3000px) 100vw, 3000px\"><\/p>\n<h4><\/h4>\n<p><strong><span class=\"caps\">VENUE<\/span> <span class=\"caps\">PRICING<\/span><\/strong><\/p>\n<ul>\n<li>At 17\u201324: 300&nbsp;\u20ac<\/li>\n<li>Whole day:&nbsp;500&nbsp;\u20ac<\/li>\n<\/ul>\n<p><strong><span class=\"caps\">ACCOMMODATION<\/span><\/strong><\/p>\n<ul>\n<li>Day: 500 \u20ac<\/li>\n<li>Week: 2200 \u20ac<\/li>\n<\/ul>\n<p>Price includ\u00ading tow\u00adels, bed linen and final cleaning.<\/p>\n<p>Prices include max. 16 persons.<\/p>\n<p>\u200bAsk for price on a small\u00ader&nbsp;group!<\/p>\n<p><strong><span class=\"caps\">HOT<\/span> <span class=\"caps\">TUB<\/span><\/strong><\/p>\n<ul>\n<li>200 \u20ac<\/li>\n<\/ul>\n<p>Hot tub is heat\u00aded by wood and locat\u00aded out\u00adside Vil\u00adla <span class=\"caps\">APR<\/span>. Price includ\u00ading fill\u00ading and&nbsp;wood.<\/p>\n","protected":false},"excerpt":{"rendered":"<p><span class=\"caps\">VENUE<\/span> <span class=\"caps\">PRICING<\/span> At 17\u201324: 300&nbsp;\u20ac Whole day:&nbsp;500&nbsp;\u20ac <span class=\"caps\">ACCOMMODATION<\/span> Day: 500 \u20ac Week: 2200 \u20ac Price includ\u00ading tow\u00adels, bed linen and final clean\u00ading. Prices include max. 16 per\u00adsons. \u200bAsk for price on a small\u00ader&nbsp;group! <span class=\"caps\">HOT<\/span> <span class=\"caps\">TUB<\/span> 200 \u20ac Hot tub is heat\u00aded by wood and locat\u00aded out\u00adside Vil\u00adla <span class=\"caps\">APR<\/span>. Price includ\u00ading fill\u00ading and&nbsp;wood.<\/p>\n","protected":false},"author":1,"featured_media":0,"parent":0,"menu_order":0,"comment_status":"closed","ping_status":"closed","template":"","meta":{"_et_pb_use_builder":"","_et_pb_old_content":"","_et_gb_content_width":"","wp_typography_post_enhancements_disabled":false,"footnotes":""},"class_list":["post-61","page","type-page","status-publish","hentry"],"translation":{"provider":"WPGlobus","version":"3.0.2","language":"en","enabled_languages":["fi","en"],"languages":{"fi":{"title":true,"content":true,"excerpt":false},"en":{"title":true,"content":true,"excerpt":false}}},"yoast_head":"<!-- This site is optimized with the Yoast SEO plugin v27.4 - https:\/\/yoast.com\/product\/yoast-seo-wordpress\/ -->\n<title>Price list \u2013 Villa APR: Rental villa at Botniaring race track.<\/title>\n<meta name=\"description\" content=\"Price list for Villa APR. Welcome to spend a quality vacation in the center of motorsports at Botniaring race track in Southern Ostrobothnia!\" \/>\n<meta name=\"robots\" content=\"index, follow, max-snippet:-1, max-image-preview:large, max-video-preview:-1\" \/>\n<link rel=\"canonical\" href=\"https:\/\/www.villaapr.fi\/hinnasto\/\" \/>\n<meta property=\"og:locale\" content=\"en_US\" \/>\n<meta property=\"og:type\" content=\"article\" \/>\n<meta property=\"og:title\" content=\"Price list \u2013 Villa APR: Rental villa at Botniaring race track.\" \/>\n<meta property=\"og:description\" content=\"Price list for Villa APR. Welcome to spend a quality vacation in the center of motorsports at Botniaring race track in Southern Ostrobothnia!\" \/>\n<meta property=\"og:url\" content=\"https:\/\/www.villaapr.fi\/hinnasto\/\" \/>\n<meta property=\"og:site_name\" content=\"Villa APR\" \/>\n<meta property=\"article:modified_time\" content=\"2025-10-30T11:54:16+00:00\" \/>\n<meta property=\"og:image\" content=\"https:\/\/www.villaapr.fi\/wp-content\/uploads\/2017\/10\/VillaAPR-39-1024x682.jpg\" \/>\n\t<meta property=\"og:image:width\" content=\"1024\" \/>\n\t<meta property=\"og:image:height\" content=\"682\" \/>\n\t<meta property=\"og:image:type\" content=\"image\/jpeg\" \/>\n<meta name=\"twitter:card\" content=\"summary_large_image\" \/>\n<meta name=\"twitter:label1\" content=\"Est. reading time\" \/>\n\t<meta name=\"twitter:data1\" content=\"1 minute\" \/>\n<script type=\"application\/ld+json\" class=\"yoast-schema-graph\">{\"@context\":\"https:\\\/\\\/schema.org\",\"@graph\":[{\"@type\":\"WebPage\",\"@id\":\"https:\\\/\\\/www.villaapr.fi\\\/hinnasto\\\/\",\"url\":\"https:\\\/\\\/www.villaapr.fi\\\/hinnasto\\\/\",\"name\":\"Hinnasto \u2013 Vuokrahuvila Villa APR | Botniaring, Etel\u00e4-Pohjanmaa.\",\"isPartOf\":{\"@id\":\"https:\\\/\\\/www.villaapr.fi\\\/#website\"},\"primaryImageOfPage\":{\"@id\":\"https:\\\/\\\/www.villaapr.fi\\\/hinnasto\\\/#primaryimage\"},\"image\":{\"@id\":\"https:\\\/\\\/www.villaapr.fi\\\/hinnasto\\\/#primaryimage\"},\"thumbnailUrl\":\"https:\\\/\\\/www.villaapr.fi\\\/wp-content\\\/uploads\\\/2017\\\/10\\\/VillaAPR-39.jpg\",\"datePublished\":\"2017-10-05T15:48:41+00:00\",\"dateModified\":\"2025-10-30T11:54:16+00:00\",\"description\":\"Hinnasto \u2013 Vuokrahuvila Villa APR. Tutustu hintoihimme, pyyd\u00e4 tarjous ja tule kokemaan el\u00e4myksi\u00e4 Botniaringin moottoriradan alueella!\",\"breadcrumb\":{\"@id\":\"https:\\\/\\\/www.villaapr.fi\\\/hinnasto\\\/#breadcrumb\"},\"inLanguage\":\"en-US\",\"potentialAction\":[{\"@type\":\"ReadAction\",\"target\":[\"https:\\\/\\\/www.villaapr.fi\\\/hinnasto\\\/\"]}]},{\"@type\":\"ImageObject\",\"inLanguage\":\"en-US\",\"@id\":\"https:\\\/\\\/www.villaapr.fi\\\/hinnasto\\\/#primaryimage\",\"url\":\"https:\\\/\\\/www.villaapr.fi\\\/wp-content\\\/uploads\\\/2017\\\/10\\\/VillaAPR-39.jpg\",\"contentUrl\":\"https:\\\/\\\/www.villaapr.fi\\\/wp-content\\\/uploads\\\/2017\\\/10\\\/VillaAPR-39.jpg\"},{\"@type\":\"BreadcrumbList\",\"@id\":\"https:\\\/\\\/www.villaapr.fi\\\/hinnasto\\\/#breadcrumb\",\"itemListElement\":[{\"@type\":\"ListItem\",\"position\":1,\"name\":\"Home\",\"item\":\"https:\\\/\\\/www.villaapr.fi\\\/\"},{\"@type\":\"ListItem\",\"position\":2,\"name\":\"Hinnasto\"}]},{\"@type\":\"WebSite\",\"@id\":\"https:\\\/\\\/www.villaapr.fi\\\/#website\",\"url\":\"https:\\\/\\\/www.villaapr.fi\\\/\",\"name\":\"Villa APR\",\"description\":\"Rental villa next to a race track\",\"potentialAction\":[{\"@type\":\"SearchAction\",\"target\":{\"@type\":\"EntryPoint\",\"urlTemplate\":\"https:\\\/\\\/www.villaapr.fi\\\/?s={search_term_string}\"},\"query-input\":{\"@type\":\"PropertyValueSpecification\",\"valueRequired\":true,\"valueName\":\"search_term_string\"}}],\"inLanguage\":\"en-US\"}]}<\/script>\n<!-- \/ Yoast SEO plugin. -->","yoast_head_json":{"title":"Price list \u2013 Villa APR: Rental villa at Botniaring race track.","description":"Price list for Villa APR. Welcome to spend a quality vacation in the center of motorsports at Botniaring race track in Southern Ostrobothnia!","robots":{"index":"index","follow":"follow","max-snippet":"max-snippet:-1","max-image-preview":"max-image-preview:large","max-video-preview":"max-video-preview:-1"},"canonical":"https:\/\/www.villaapr.fi\/hinnasto\/","og_locale":"en_US","og_type":"article","og_title":"Price list \u2013 Villa APR: Rental villa at Botniaring race track.","og_description":"Price list for Villa APR. Welcome to spend a quality vacation in the center of motorsports at Botniaring race track in Southern Ostrobothnia!","og_url":"https:\/\/www.villaapr.fi\/hinnasto\/","og_site_name":"Villa APR","article_modified_time":"2025-10-30T11:54:16+00:00","og_image":[{"width":1024,"height":682,"url":"https:\/\/www.villaapr.fi\/wp-content\/uploads\/2017\/10\/VillaAPR-39-1024x682.jpg","type":"image\/jpeg"}],"twitter_card":"summary_large_image","twitter_misc":{"Est. reading time":"1 minute"},"schema":{"@context":"https:\/\/schema.org","@graph":[{"@type":"WebPage","@id":"https:\/\/www.villaapr.fi\/hinnasto\/","url":"https:\/\/www.villaapr.fi\/hinnasto\/","name":"Hinnasto \u2013 Vuokrahuvila Villa APR | Botniaring, Etel\u00e4-Pohjanmaa.","isPartOf":{"@id":"https:\/\/www.villaapr.fi\/#website"},"primaryImageOfPage":{"@id":"https:\/\/www.villaapr.fi\/hinnasto\/#primaryimage"},"image":{"@id":"https:\/\/www.villaapr.fi\/hinnasto\/#primaryimage"},"thumbnailUrl":"https:\/\/www.villaapr.fi\/wp-content\/uploads\/2017\/10\/VillaAPR-39.jpg","datePublished":"2017-10-05T15:48:41+00:00","dateModified":"2025-10-30T11:54:16+00:00","description":"Hinnasto \u2013 Vuokrahuvila Villa APR. Tutustu hintoihimme, pyyd\u00e4 tarjous ja tule kokemaan el\u00e4myksi\u00e4 Botniaringin moottoriradan alueella!","breadcrumb":{"@id":"https:\/\/www.villaapr.fi\/hinnasto\/#breadcrumb"},"inLanguage":"en-US","potentialAction":[{"@type":"ReadAction","target":["https:\/\/www.villaapr.fi\/hinnasto\/"]}]},{"@type":"ImageObject","inLanguage":"en-US","@id":"https:\/\/www.villaapr.fi\/hinnasto\/#primaryimage","url":"https:\/\/www.villaapr.fi\/wp-content\/uploads\/2017\/10\/VillaAPR-39.jpg","contentUrl":"https:\/\/www.villaapr.fi\/wp-content\/uploads\/2017\/10\/VillaAPR-39.jpg"},{"@type":"BreadcrumbList","@id":"https:\/\/www.villaapr.fi\/hinnasto\/#breadcrumb","itemListElement":[{"@type":"ListItem","position":1,"name":"Home","item":"https:\/\/www.villaapr.fi\/"},{"@type":"ListItem","position":2,"name":"Hinnasto"}]},{"@type":"WebSite","@id":"https:\/\/www.villaapr.fi\/#website","url":"https:\/\/www.villaapr.fi\/","name":"Villa APR","description":"Rental villa next to a race track","potentialAction":[{"@type":"SearchAction","target":{"@type":"EntryPoint","urlTemplate":"https:\/\/www.villaapr.fi\/?s={search_term_string}"},"query-input":{"@type":"PropertyValueSpecification","valueRequired":true,"valueName":"search_term_string"}}],"inLanguage":"en-US"}]}},"_links":{"self":[{"href":"https:\/\/www.villaapr.fi\/en\/wp-json\/wp\/v2\/pages\/61","targetHints":{"allow":["GET"]}}],"collection":[{"href":"https:\/\/www.villaapr.fi\/en\/wp-json\/wp\/v2\/pages"}],"about":[{"href":"https:\/\/www.villaapr.fi\/en\/wp-json\/wp\/v2\/types\/page"}],"author":[{"embeddable":true,"href":"https:\/\/www.villaapr.fi\/en\/wp-json\/wp\/v2\/users\/1"}],"replies":[{"embeddable":true,"href":"https:\/\/www.villaapr.fi\/en\/wp-json\/wp\/v2\/comments?post=61"}],"version-history":[{"count":41,"href":"https:\/\/www.villaapr.fi\/en\/wp-json\/wp\/v2\/pages\/61\/revisions"}],"predecessor-version":[{"id":364,"href":"https:\/\/www.villaapr.fi\/en\/wp-json\/wp\/v2\/pages\/61\/revisions\/364"}],"wp:attachment":[{"href":"https:\/\/www.villaapr.fi\/en\/wp-json\/wp\/v2\/media?parent=61"}],"curies":[{"name":"wp","href":"https:\/\/api.w.org\/{rel}","templated":true}]}}